{"id":125,"date":"2016-05-14T15:54:58","date_gmt":"2016-05-14T14:54:58","guid":{"rendered":"http:\/\/www.kampenterrasse.no\/?page_id=125"},"modified":"2025-09-25T09:27:28","modified_gmt":"2025-09-25T08:27:28","slug":"galleri","status":"publish","type":"page","link":"https:\/\/www.kampenterrasse.no\/index.php\/galleri\/","title":{"rendered":"Galleri"},"content":{"rendered":"\n<p><em>Trykk p\u00e5 bildene for \u00e5 se st\u00f8rre utgaver<\/em><\/p>\n\n\n\n<figure class=\"wp-block-gallery has-nested-images columns-3 is-cropped wp-block-gallery-1 is-layout-flex wp-block-gallery-is-layout-flex\">\n<figure class=\"wp-block-image size-large\"><a href=\"https:\/\/www.kampenterrasse.no\/wp-content\/uploads\/2016\/05\/fasade1.png\"><img loading=\"lazy\" decoding=\"async\" width=\"1600\" height=\"1200\" data-id=\"131\" src=\"https:\/\/www.kampenterrasse.no\/wp-content\/uploads\/2016\/05\/fasade1.png\" alt=\"\" class=\"wp-image-131\"\/><\/a><\/figure>\n\n\n\n<figure class=\"wp-block-image size-large\"><a href=\"https:\/\/www.kampenterrasse.no\/wp-content\/uploads\/2025\/09\/DJI_20250923174314_0087_D-scaled.jpg\"><img loading=\"lazy\" decoding=\"async\" width=\"1600\" height=\"1200\" data-id=\"770\" src=\"https:\/\/www.kampenterrasse.no\/wp-content\/uploads\/2025\/09\/DJI_20250923174314_0087_D-1600x1200.jpg\" alt=\"\" class=\"wp-image-770\" srcset=\"https:\/\/www.kampenterrasse.no\/wp-content\/uploads\/2025\/09\/DJI_20250923174314_0087_D-1600x1200.jpg 1600w, https:\/\/www.kampenterrasse.no\/wp-content\/uploads\/2025\/09\/DJI_20250923174314_0087_D-450x338.jpg 450w, https:\/\/www.kampenterrasse.no\/wp-content\/uploads\/2025\/09\/DJI_20250923174314_0087_D-1536x1152.jpg 1536w, https:\/\/www.kampenterrasse.no\/wp-content\/uploads\/2025\/09\/DJI_20250923174314_0087_D-2048x1536.jpg 2048w, https:\/\/www.kampenterrasse.no\/wp-content\/uploads\/2025\/09\/DJI_20250923174314_0087_D-676x507.jpg 676w, https:\/\/www.kampenterrasse.no\/wp-content\/uploads\/2025\/09\/DJI_20250923174314_0087_D-250x188.jpg 250w, https:\/\/www.kampenterrasse.no\/wp-content\/uploads\/2025\/09\/DJI_20250923174314_0087_D-550x413.jpg 550w, https:\/\/www.kampenterrasse.no\/wp-content\/uploads\/2025\/09\/DJI_20250923174314_0087_D-800x600.jpg 800w, https:\/\/www.kampenterrasse.no\/wp-content\/uploads\/2025\/09\/DJI_20250923174314_0087_D-240x180.jpg 240w, https:\/\/www.kampenterrasse.no\/wp-content\/uploads\/2025\/09\/DJI_20250923174314_0087_D-400x300.jpg 400w, https:\/\/www.kampenterrasse.no\/wp-content\/uploads\/2025\/09\/DJI_20250923174314_0087_D-667x500.jpg 667w\" sizes=\"auto, (max-width: 1600px) 100vw, 1600px\" \/><\/a><figcaption class=\"wp-element-caption\">Dronebilde ovenfra<\/figcaption><\/figure>\n\n\n\n<figure class=\"wp-block-image size-large\"><a href=\"https:\/\/www.kampenterrasse.no\/wp-content\/uploads\/2025\/09\/DJI_20250923175212_0099_D-scaled.jpg\"><img loading=\"lazy\" decoding=\"async\" width=\"1600\" height=\"1200\" data-id=\"768\" src=\"https:\/\/www.kampenterrasse.no\/wp-content\/uploads\/2025\/09\/DJI_20250923175212_0099_D-1600x1200.jpg\" alt=\"\" class=\"wp-image-768\" srcset=\"https:\/\/www.kampenterrasse.no\/wp-content\/uploads\/2025\/09\/DJI_20250923175212_0099_D-1600x1200.jpg 1600w, https:\/\/www.kampenterrasse.no\/wp-content\/uploads\/2025\/09\/DJI_20250923175212_0099_D-450x338.jpg 450w, https:\/\/www.kampenterrasse.no\/wp-content\/uploads\/2025\/09\/DJI_20250923175212_0099_D-1536x1152.jpg 1536w, https:\/\/www.kampenterrasse.no\/wp-content\/uploads\/2025\/09\/DJI_20250923175212_0099_D-2048x1536.jpg 2048w, https:\/\/www.kampenterrasse.no\/wp-content\/uploads\/2025\/09\/DJI_20250923175212_0099_D-676x507.jpg 676w, https:\/\/www.kampenterrasse.no\/wp-content\/uploads\/2025\/09\/DJI_20250923175212_0099_D-250x188.jpg 250w, https:\/\/www.kampenterrasse.no\/wp-content\/uploads\/2025\/09\/DJI_20250923175212_0099_D-550x413.jpg 550w, https:\/\/www.kampenterrasse.no\/wp-content\/uploads\/2025\/09\/DJI_20250923175212_0099_D-800x600.jpg 800w, https:\/\/www.kampenterrasse.no\/wp-content\/uploads\/2025\/09\/DJI_20250923175212_0099_D-240x180.jpg 240w, https:\/\/www.kampenterrasse.no\/wp-content\/uploads\/2025\/09\/DJI_20250923175212_0099_D-400x300.jpg 400w, https:\/\/www.kampenterrasse.no\/wp-content\/uploads\/2025\/09\/DJI_20250923175212_0099_D-667x500.jpg 667w\" sizes=\"auto, (max-width: 1600px) 100vw, 1600px\" \/><\/a><figcaption class=\"wp-element-caption\">Dronebilde mot vest<\/figcaption><\/figure>\n\n\n\n<figure class=\"wp-block-image size-large\"><a href=\"https:\/\/www.kampenterrasse.no\/wp-content\/uploads\/2025\/09\/DJI_20250923174505_0090_D-scaled.jpg\"><img loading=\"lazy\" decoding=\"async\" width=\"1600\" height=\"1200\" data-id=\"769\" src=\"https:\/\/www.kampenterrasse.no\/wp-content\/uploads\/2025\/09\/DJI_20250923174505_0090_D-1600x1200.jpg\" alt=\"\" class=\"wp-image-769\" srcset=\"https:\/\/www.kampenterrasse.no\/wp-content\/uploads\/2025\/09\/DJI_20250923174505_0090_D-1600x1200.jpg 1600w, https:\/\/www.kampenterrasse.no\/wp-content\/uploads\/2025\/09\/DJI_20250923174505_0090_D-450x338.jpg 450w, https:\/\/www.kampenterrasse.no\/wp-content\/uploads\/2025\/09\/DJI_20250923174505_0090_D-1536x1152.jpg 1536w, https:\/\/www.kampenterrasse.no\/wp-content\/uploads\/2025\/09\/DJI_20250923174505_0090_D-2048x1536.jpg 2048w, https:\/\/www.kampenterrasse.no\/wp-content\/uploads\/2025\/09\/DJI_20250923174505_0090_D-676x507.jpg 676w, https:\/\/www.kampenterrasse.no\/wp-content\/uploads\/2025\/09\/DJI_20250923174505_0090_D-250x188.jpg 250w, https:\/\/www.kampenterrasse.no\/wp-content\/uploads\/2025\/09\/DJI_20250923174505_0090_D-550x413.jpg 550w, https:\/\/www.kampenterrasse.no\/wp-content\/uploads\/2025\/09\/DJI_20250923174505_0090_D-800x600.jpg 800w, https:\/\/www.kampenterrasse.no\/wp-content\/uploads\/2025\/09\/DJI_20250923174505_0090_D-240x180.jpg 240w, https:\/\/www.kampenterrasse.no\/wp-content\/uploads\/2025\/09\/DJI_20250923174505_0090_D-400x300.jpg 400w, https:\/\/www.kampenterrasse.no\/wp-content\/uploads\/2025\/09\/DJI_20250923174505_0090_D-667x500.jpg 667w\" sizes=\"auto, (max-width: 1600px) 100vw, 1600px\" \/><\/a><figcaption class=\"wp-element-caption\">Dronebilde fra Kampen Park<\/figcaption><\/figure>\n\n\n\n<figure class=\"wp-block-image size-large\"><a href=\"https:\/\/www.kampenterrasse.no\/wp-content\/uploads\/2025\/09\/DJI_20250923174155_0086_D-scaled.jpg\"><img loading=\"lazy\" decoding=\"async\" width=\"1600\" height=\"1200\" data-id=\"771\" src=\"https:\/\/www.kampenterrasse.no\/wp-content\/uploads\/2025\/09\/DJI_20250923174155_0086_D-1600x1200.jpg\" alt=\"\" class=\"wp-image-771\" srcset=\"https:\/\/www.kampenterrasse.no\/wp-content\/uploads\/2025\/09\/DJI_20250923174155_0086_D-1600x1200.jpg 1600w, https:\/\/www.kampenterrasse.no\/wp-content\/uploads\/2025\/09\/DJI_20250923174155_0086_D-450x338.jpg 450w, https:\/\/www.kampenterrasse.no\/wp-content\/uploads\/2025\/09\/DJI_20250923174155_0086_D-1536x1152.jpg 1536w, https:\/\/www.kampenterrasse.no\/wp-content\/uploads\/2025\/09\/DJI_20250923174155_0086_D-2048x1536.jpg 2048w, https:\/\/www.kampenterrasse.no\/wp-content\/uploads\/2025\/09\/DJI_20250923174155_0086_D-676x507.jpg 676w, https:\/\/www.kampenterrasse.no\/wp-content\/uploads\/2025\/09\/DJI_20250923174155_0086_D-250x188.jpg 250w, https:\/\/www.kampenterrasse.no\/wp-content\/uploads\/2025\/09\/DJI_20250923174155_0086_D-550x413.jpg 550w, https:\/\/www.kampenterrasse.no\/wp-content\/uploads\/2025\/09\/DJI_20250923174155_0086_D-800x600.jpg 800w, https:\/\/www.kampenterrasse.no\/wp-content\/uploads\/2025\/09\/DJI_20250923174155_0086_D-240x180.jpg 240w, https:\/\/www.kampenterrasse.no\/wp-content\/uploads\/2025\/09\/DJI_20250923174155_0086_D-400x300.jpg 400w, https:\/\/www.kampenterrasse.no\/wp-content\/uploads\/2025\/09\/DJI_20250923174155_0086_D-667x500.jpg 667w\" sizes=\"auto, (max-width: 1600px) 100vw, 1600px\" \/><\/a><figcaption class=\"wp-element-caption\">Dronebilde av borettslaget<\/figcaption><\/figure>\n\n\n\n<figure class=\"wp-block-image size-large\"><a href=\"https:\/\/www.kampenterrasse.no\/wp-content\/uploads\/2017\/05\/2017-01-07-21.01.10-1.jpg\"><img loading=\"lazy\" decoding=\"async\" width=\"4032\" height=\"3024\" data-id=\"183\" src=\"https:\/\/www.kampenterrasse.no\/wp-content\/uploads\/2017\/05\/2017-01-07-21.01.10-1.jpg\" alt=\"\" class=\"wp-image-183\"\/><\/a><\/figure>\n\n\n\n<figure class=\"wp-block-image size-large\"><a href=\"https:\/\/www.kampenterrasse.no\/wp-content\/uploads\/2016\/05\/balkongkasse.png\"><img loading=\"lazy\" decoding=\"async\" width=\"1232\" height=\"416\" data-id=\"140\" src=\"https:\/\/www.kampenterrasse.no\/wp-content\/uploads\/2016\/05\/balkongkasse.png\" alt=\"\" class=\"wp-image-140\"\/><\/a><\/figure>\n\n\n\n<figure class=\"wp-block-image size-large\"><a href=\"https:\/\/www.kampenterrasse.no\/wp-content\/uploads\/2016\/05\/111.jpg\"><img loading=\"lazy\" decoding=\"async\" width=\"3940\" height=\"2144\" data-id=\"185\" src=\"https:\/\/www.kampenterrasse.no\/wp-content\/uploads\/2016\/05\/111.jpg\" alt=\"\" class=\"wp-image-185\"\/><\/a><\/figure>\n\n\n\n<figure class=\"wp-block-image size-large\"><a href=\"https:\/\/www.kampenterrasse.no\/wp-content\/uploads\/2017\/10\/IMG_20171012_092331500_HDR1.jpg\"><img loading=\"lazy\" decoding=\"async\" width=\"1157\" height=\"1600\" data-id=\"244\" src=\"https:\/\/www.kampenterrasse.no\/wp-content\/uploads\/2017\/10\/IMG_20171012_092331500_HDR1-1157x1600.jpg\" alt=\"\" class=\"wp-image-244\" srcset=\"https:\/\/www.kampenterrasse.no\/wp-content\/uploads\/2017\/10\/IMG_20171012_092331500_HDR1-1157x1600.jpg 1157w, https:\/\/www.kampenterrasse.no\/wp-content\/uploads\/2017\/10\/IMG_20171012_092331500_HDR1-325x450.jpg 325w, https:\/\/www.kampenterrasse.no\/wp-content\/uploads\/2017\/10\/IMG_20171012_092331500_HDR1-676x935.jpg 676w\" sizes=\"auto, (max-width: 1157px) 100vw, 1157px\" \/><\/a><\/figure>\n\n\n\n<figure class=\"wp-block-image size-large\"><a href=\"https:\/\/www.kampenterrasse.no\/wp-content\/uploads\/2018\/05\/Dugnad_2018.jpg\"><img loading=\"lazy\" decoding=\"async\" width=\"1200\" height=\"1600\" data-id=\"388\" src=\"https:\/\/www.kampenterrasse.no\/wp-content\/uploads\/2018\/05\/Dugnad_2018-1200x1600.jpg\" alt=\"\" class=\"wp-image-388\" srcset=\"https:\/\/www.kampenterrasse.no\/wp-content\/uploads\/2018\/05\/Dugnad_2018-1200x1600.jpg 1200w, https:\/\/www.kampenterrasse.no\/wp-content\/uploads\/2018\/05\/Dugnad_2018-338x450.jpg 338w, https:\/\/www.kampenterrasse.no\/wp-content\/uploads\/2018\/05\/Dugnad_2018-676x901.jpg 676w\" sizes=\"auto, (max-width: 1200px) 100vw, 1200px\" \/><\/a><\/figure>\n\n\n\n<figure class=\"wp-block-image size-large\"><a href=\"https:\/\/www.kampenterrasse.no\/wp-content\/uploads\/2016\/05\/222.jpg\"><img loading=\"lazy\" decoding=\"async\" width=\"5248\" height=\"3936\" data-id=\"187\" src=\"https:\/\/www.kampenterrasse.no\/wp-content\/uploads\/2016\/05\/222.jpg\" alt=\"\" class=\"wp-image-187\"\/><\/a><\/figure>\n\n\n\n<figure class=\"wp-block-image size-large\"><a href=\"https:\/\/www.kampenterrasse.no\/wp-content\/uploads\/2016\/03\/Taket.jpg\"><img loading=\"lazy\" decoding=\"async\" width=\"3488\" height=\"912\" data-id=\"8\" src=\"https:\/\/www.kampenterrasse.no\/wp-content\/uploads\/2016\/03\/Taket.jpg\" alt=\"\" class=\"wp-image-8\"\/><\/a><\/figure>\n\n\n\n<figure class=\"wp-block-image size-large\"><a href=\"https:\/\/www.kampenterrasse.no\/wp-content\/uploads\/2016\/03\/melkebutikken-Vedlegg-4_3.png\"><img loading=\"lazy\" decoding=\"async\" width=\"697\" height=\"789\" data-id=\"156\" src=\"https:\/\/www.kampenterrasse.no\/wp-content\/uploads\/2016\/03\/melkebutikken-Vedlegg-4_3.png\" alt=\"\" class=\"wp-image-156\"\/><\/a><\/figure>\n\n\n\n<figure class=\"wp-block-image size-large\"><a href=\"https:\/\/www.kampenterrasse.no\/wp-content\/uploads\/2018\/05\/30.jpg\"><img loading=\"lazy\" decoding=\"async\" width=\"1600\" height=\"1178\" data-id=\"384\" src=\"https:\/\/www.kampenterrasse.no\/wp-content\/uploads\/2018\/05\/30-1600x1178.jpg\" alt=\"\" class=\"wp-image-384\" srcset=\"https:\/\/www.kampenterrasse.no\/wp-content\/uploads\/2018\/05\/30-1600x1178.jpg 1600w, https:\/\/www.kampenterrasse.no\/wp-content\/uploads\/2018\/05\/30-450x331.jpg 450w, https:\/\/www.kampenterrasse.no\/wp-content\/uploads\/2018\/05\/30-676x498.jpg 676w\" sizes=\"auto, (max-width: 1600px) 100vw, 1600px\" \/><\/a><\/figure>\n\n\n\n<figure class=\"wp-block-image size-large\"><a href=\"https:\/\/www.kampenterrasse.no\/wp-content\/uploads\/2018\/05\/16.jpg\"><img loading=\"lazy\" decoding=\"async\" width=\"1600\" height=\"1223\" data-id=\"383\" src=\"https:\/\/www.kampenterrasse.no\/wp-content\/uploads\/2018\/05\/16-1600x1223.jpg\" alt=\"\" class=\"wp-image-383\" srcset=\"https:\/\/www.kampenterrasse.no\/wp-content\/uploads\/2018\/05\/16-1600x1223.jpg 1600w, https:\/\/www.kampenterrasse.no\/wp-content\/uploads\/2018\/05\/16-450x344.jpg 450w, https:\/\/www.kampenterrasse.no\/wp-content\/uploads\/2018\/05\/16-676x517.jpg 676w\" sizes=\"auto, (max-width: 1600px) 100vw, 1600px\" \/><\/a><\/figure>\n\n\n\n<figure class=\"wp-block-image size-large\"><a href=\"https:\/\/www.kampenterrasse.no\/wp-content\/uploads\/2018\/05\/26.jpg\"><img loading=\"lazy\" decoding=\"async\" width=\"1600\" height=\"1210\" data-id=\"380\" src=\"https:\/\/www.kampenterrasse.no\/wp-content\/uploads\/2018\/05\/26-1600x1210.jpg\" alt=\"\" class=\"wp-image-380\" srcset=\"https:\/\/www.kampenterrasse.no\/wp-content\/uploads\/2018\/05\/26-1600x1210.jpg 1600w, https:\/\/www.kampenterrasse.no\/wp-content\/uploads\/2018\/05\/26-450x340.jpg 450w, https:\/\/www.kampenterrasse.no\/wp-content\/uploads\/2018\/05\/26-676x511.jpg 676w\" sizes=\"auto, (max-width: 1600px) 100vw, 1600px\" \/><\/a><\/figure>\n\n\n\n<figure class=\"wp-block-image size-large\"><a href=\"https:\/\/www.kampenterrasse.no\/wp-content\/uploads\/2018\/05\/27.jpg\"><img loading=\"lazy\" decoding=\"async\" width=\"1600\" height=\"1235\" data-id=\"379\" src=\"https:\/\/www.kampenterrasse.no\/wp-content\/uploads\/2018\/05\/27-1600x1235.jpg\" alt=\"\" class=\"wp-image-379\" srcset=\"https:\/\/www.kampenterrasse.no\/wp-content\/uploads\/2018\/05\/27-1600x1235.jpg 1600w, https:\/\/www.kampenterrasse.no\/wp-content\/uploads\/2018\/05\/27-450x347.jpg 450w, https:\/\/www.kampenterrasse.no\/wp-content\/uploads\/2018\/05\/27-676x522.jpg 676w\" sizes=\"auto, (max-width: 1600px) 100vw, 1600px\" \/><\/a><\/figure>\n\n\n\n<figure class=\"wp-block-image size-large\"><a href=\"https:\/\/www.kampenterrasse.no\/wp-content\/uploads\/2018\/05\/79.jpg\"><img loading=\"lazy\" decoding=\"async\" width=\"1600\" height=\"1225\" data-id=\"377\" src=\"https:\/\/www.kampenterrasse.no\/wp-content\/uploads\/2018\/05\/79-1600x1225.jpg\" alt=\"\" class=\"wp-image-377\" srcset=\"https:\/\/www.kampenterrasse.no\/wp-content\/uploads\/2018\/05\/79-1600x1225.jpg 1600w, https:\/\/www.kampenterrasse.no\/wp-content\/uploads\/2018\/05\/79-450x345.jpg 450w, https:\/\/www.kampenterrasse.no\/wp-content\/uploads\/2018\/05\/79-676x518.jpg 676w\" sizes=\"auto, (max-width: 1600px) 100vw, 1600px\" \/><\/a><\/figure>\n<\/figure>\n","protected":false},"excerpt":{"rendered":"<p>Trykk p\u00e5 bildene for \u00e5 se st\u00f8rre utgaver<\/p>\n","protected":false},"author":1,"featured_media":0,"parent":0,"menu_order":0,"comment_status":"closed","ping_status":"closed","template":"","meta":{"footnotes":""},"class_list":["post-125","page","type-page","status-publish","hentry","post-preview"],"_links":{"self":[{"href":"https:\/\/www.kampenterrasse.no\/index.php\/wp-json\/wp\/v2\/pages\/125","targetHints":{"allow":["GET"]}}],"collection":[{"href":"https:\/\/www.kampenterrasse.no\/index.php\/wp-json\/wp\/v2\/pages"}],"about":[{"href":"https:\/\/www.kampenterrasse.no\/index.php\/wp-json\/wp\/v2\/types\/page"}],"author":[{"embeddable":true,"href":"https:\/\/www.kampenterrasse.no\/index.php\/wp-json\/wp\/v2\/users\/1"}],"replies":[{"embeddable":true,"href":"https:\/\/www.kampenterrasse.no\/index.php\/wp-json\/wp\/v2\/comments?post=125"}],"version-history":[{"count":29,"href":"https:\/\/www.kampenterrasse.no\/index.php\/wp-json\/wp\/v2\/pages\/125\/revisions"}],"predecessor-version":[{"id":773,"href":"https:\/\/www.kampenterrasse.no\/index.php\/wp-json\/wp\/v2\/pages\/125\/revisions\/773"}],"wp:attachment":[{"href":"https:\/\/www.kampenterrasse.no\/index.php\/wp-json\/wp\/v2\/media?parent=125"}],"curies":[{"name":"wp","href":"https:\/\/api.w.org\/{rel}","templated":true}]}}