{"id":28,"date":"2016-03-28T13:59:43","date_gmt":"2016-03-28T12:59:43","guid":{"rendered":"http:\/\/37.191.167.140\/wordpress\/?page_id=28"},"modified":"2020-08-12T14:56:46","modified_gmt":"2020-08-12T13:56:46","slug":"om","status":"publish","type":"page","link":"https:\/\/www.kampenterrasse.no\/index.php\/om\/","title":{"rendered":"Om borettslaget"},"content":{"rendered":"<p>Borettslaget best\u00e5r av en bygning i funkisstil tegnet av Arkitekt B. Hjortn\u00e6s i 1931 og oppf\u00f8rt samme \u00e5r.<\/p>\n<p>Konstituerende generalforsamling ble avholdt 22 september 1931, her ble vedtektene enstemmig godkjent og det ble vedtatt at borettslaget skulle kj\u00f8pe tomten \u00abVestbygaten 3\u00bb for <span class=\"skimlinks-unlinked\">kr.30.000<\/span> + omkostninger.<br \/>\nTotal byggekostnad inkludert tomtekj\u00f8p kom p\u00e5 712 020 kr.<br \/>\n11. April 1932 ble det foretatt ferdigbesiktigelse av bygget f\u00f8r beboerne flyttet s\u00e5 inn i de da 68 enhetene.<\/p>\n<p>Husleien var ikke s\u00e5 stor i 1932; og vaktmesterl\u00f8nnen var 75 kr m\u00e5neden til den steg til 83 kr i 1933. Styregodtgj\u00f8relse ble opprinnelig satt til 50 kr for styremedlemmer og det dobbelte for formann.<\/p>\n<p>I v\u00e5rm\u00e5nedene 1940 ble det innredet tilfluktsrom i g\u00e5rden som heldigvis ble lite brukt. \u00d8vrig drift i krigs\u00e5rene forel\u00f8p uten st\u00f8rre dramatikk.<\/p>\n<p>I 1950 ble det vedtatt \u00e5 installere elektriske vaskemaskiner og en sentrifuge.<br \/>\nVi har fortsatt vaskeri i drift, men heldigvis n\u00e5 med helt nye maskiner<\/p>\n<p>Selve g\u00e5rden best\u00e5r n\u00e5 av 65 leiligheter og en <a href=\"https:\/\/www.kampenterrasse.no\/index.php\/gjesterommet\/\">gjesteleiliget som opprinnelig var melkebutikk.<\/a><\/p>\n<p>Bygningen ligger p\u00e5 \u00f8verst p\u00e5 Kampen og rett ved Kampen Park, og kan sees fra b.l.a. Operataket, Slottet, R\u00e5dhuset, Ekeberg og Holmenkollen, s\u00e5 flere beboere har fantastisk utsikt fra sine leiligheter.<\/p>\n","protected":false},"excerpt":{"rendered":"<p>Borettslaget best\u00e5r av en bygning i funkisstil tegnet av Arkitekt B. Hjortn\u00e6s i 1931 og oppf\u00f8rt samme \u00e5r. Konstituerende generalforsamling ble avholdt 22 september 1931, her ble vedtektene enstemmig godkjent og det ble vedtatt at borettslaget skulle kj\u00f8pe tomten \u00abVestbygaten 3\u00bb for kr.30.000 + omkostninger. Total byggekostnad inkludert tomtekj\u00f8p kom p\u00e5 712 020 kr. 11. [&hellip;]<\/p>\n","protected":false},"author":1,"featured_media":0,"parent":0,"menu_order":0,"comment_status":"closed","ping_status":"closed","template":"","meta":{"footnotes":""},"class_list":["post-28","page","type-page","status-publish","hentry","post-preview"],"_links":{"self":[{"href":"https:\/\/www.kampenterrasse.no\/index.php\/wp-json\/wp\/v2\/pages\/28","targetHints":{"allow":["GET"]}}],"collection":[{"href":"https:\/\/www.kampenterrasse.no\/index.php\/wp-json\/wp\/v2\/pages"}],"about":[{"href":"https:\/\/www.kampenterrasse.no\/index.php\/wp-json\/wp\/v2\/types\/page"}],"author":[{"embeddable":true,"href":"https:\/\/www.kampenterrasse.no\/index.php\/wp-json\/wp\/v2\/users\/1"}],"replies":[{"embeddable":true,"href":"https:\/\/www.kampenterrasse.no\/index.php\/wp-json\/wp\/v2\/comments?post=28"}],"version-history":[{"count":11,"href":"https:\/\/www.kampenterrasse.no\/index.php\/wp-json\/wp\/v2\/pages\/28\/revisions"}],"predecessor-version":[{"id":533,"href":"https:\/\/www.kampenterrasse.no\/index.php\/wp-json\/wp\/v2\/pages\/28\/revisions\/533"}],"wp:attachment":[{"href":"https:\/\/www.kampenterrasse.no\/index.php\/wp-json\/wp\/v2\/media?parent=28"}],"curies":[{"name":"wp","href":"https:\/\/api.w.org\/{rel}","templated":true}]}}