{"id":35,"date":"2016-03-28T14:25:55","date_gmt":"2016-03-28T13:25:55","guid":{"rendered":"http:\/\/37.191.167.140\/wordpress\/?page_id=35"},"modified":"2026-04-15T16:29:14","modified_gmt":"2026-04-15T15:29:14","slug":"hva-med","status":"publish","type":"page","link":"https:\/\/www.kampenterrasse.no\/index.php\/hva-med\/","title":{"rendered":"Hva med?"},"content":{"rendered":"<p>Hopp til tema som starter med bokstav:<br \/>\n<a href=\"#A\">A<\/a> <a href=\"#B\">B<\/a> <a href=\"#E\">E<\/a> <a href=\"#F\">F<\/a> <a href=\"#G\">G<\/a> <a href=\"#H\">H<\/a> <a href=\"#I\">I<\/a> <a href=\"#N\">N<\/a> <a href=\"#P\">P<\/a> <a href=\"#R\">R<\/a> <a href=\"#S\">S<\/a> <a href=\"#T\">T<\/a> <a href=\"#U\">U<\/a> <a href=\"#V\">V<\/a><\/p>\n<h3 id=\"A\"><span style=\"text-decoration: underline;\"><strong>A<\/strong><\/span><\/h3>\n<p><strong><span style=\"text-decoration: underline;\">A<\/span>vfall<\/strong><\/p>\n<p>Restavfall, lilla og gr\u00f8nne poser kastes i borettslagets s\u00f8ppelkasser.<br \/>\nSe <a href=\"#Skrot\">S\u00f8ppel og skrot<\/a> for mer informasjon.<\/p>\n<h3 id=\"B\"><span style=\"text-decoration: underline;\"><strong>B<\/strong><\/span><\/h3>\n<p><strong><span style=\"text-decoration: underline;\">B<\/span>akg\u00e5rd<\/strong><\/p>\n<p>I bakg\u00e5rden finner du flere sittegrupper. Det er ogs\u00e5 montert en grill som beboere kan benytte.<\/p>\n<p>Bakg\u00e5rden er frodig beplantet og du vil finne felles plantekasser der beboere kan dyrke guler\u00f8tter, r\u00f8dbeter, sukkererter, urter og andre matplanter. Alle er velkomne til \u00e5 h\u00f8ste inn etter behov.<\/p>\n<p>Du vil ogs\u00e5 finne et t\u00f8rkestativ du kan henge v\u00e5tt t\u00f8y.<br \/>\nT\u00f8y som henges opp skal tas ned med en gang det er t\u00f8rt.<\/p>\n<p>Sykkelparkering skal skje p\u00e5 veggen i portrommet eller i stativene i sykkelskuret i bakg\u00e5rden. Det er ikke tillatt \u00e5 parkere sykler andre steder i bakg\u00e5rden eller i oppgangene. Dette gjelder ogs\u00e5 barnesykler. Barnesykler kan i tillegg til nevnte steder, parkeres i den lille boden i bakg\u00e5rden utenfor oppgang E. Sykler som ikke brukes regelmessig skal ikke parkeres i sykkelskuret, den m\u00e5 st\u00e5 i beboers bod.<\/p>\n<p><strong><span style=\"text-decoration: underline;\">B<\/span>oenheter<br \/>\n<\/strong><br \/>\nBorettslaget har pr. 1.1.2026 64 boenheter.<\/p>\n<p><strong><span style=\"text-decoration: underline;\">B<\/span>rannvern<\/strong><\/p>\n<p>Alle leiligheter fikk 1990\/1991 utlevert r\u00f8ykvarslere og brannslukningsapparat. Det ble delt ut nye r\u00f8ykvarslere 2002\/2003 samt utskifting av brannslukningsapparat der dette var n\u00f8dvendig.<\/p>\n<p>Vinteren 2009 ble det installert seriekoblede r\u00f8ykvarslere og brannslukningsapparat i kjeller, loft og trappeganger. Skulle en r\u00f8ykvarsler l\u00f8se ut, vil denne pipe som en vanlig r\u00f8ykvarsler. De andre varslerene vil pipe med langt pip \u2013 3 korte pip \u2013 langt pip som repeteres. Falsk alarm kan stoppes ved \u00e5 trykke kort p\u00e5 knappen p\u00e5 varsleren som har l\u00f8st ut, da vil alle varslere slutt \u00e5 pipe.<\/p>\n<p>Borettslaget inngikk en rammeavtale med If i 2019. En sikkerhetsr\u00e5dgiver kontrollerer r\u00f8ykvarslere og h\u00e5ndslukkere i fellesarealet hvert \u00e5r, r\u00f8ykvarslere og h\u00e5ndslukkere i leilighetene sjekkes hvert 5. \u00e5r og skiftes hvert 10. \u00e5r i regi av borettslaget. Hvis en r\u00f8ykvarsler eller h\u00e5ndslukker g\u00e5r i stykker skal styret informeres.<\/p>\n<h3 id=\"E\"><span style=\"text-decoration: underline;\"><strong>E<\/strong><\/span><\/h3>\n<p><strong><span style=\"text-decoration: underline;\">E<\/span>lektriker<\/strong><\/p>\n<p>Kampen Installasjon AS<br \/>\n<strong>Tlf:<\/strong> 22 19 75 93<br \/>\n<strong>E-post:<\/strong>\u00a0 <a href=\"mailto:post@kampeninstallasjon.no\">post@kampeninstallasjon.no<\/a><br \/>\n<strong>Hjemmeside: <\/strong><a href=\"https:\/\/www.kampeninstallasjon.no\/\">www.kampeninstallasjon.no<\/a><\/p>\n<p><strong><span style=\"text-decoration: underline;\"><br \/>\nE<\/span>lektriske anlegg<br \/>\n<\/strong><\/p>\n<ul>\n<li>Str\u00f8mm\u00e5lerne for leilighetene i oppgangene A, B og C (venstre og midtre) er i gang i kjeller mot vaskerommet.<\/li>\n<li>Str\u00f8mm\u00e5lerne for leilighetene i oppgangene C (h\u00f8yre), D, og E (venstre og midtre) er i gang i kjeller i oppgang D.<\/li>\n<li>Str\u00f8mm\u00e5lerne for leilighetene i oppgangene E (h\u00f8yre), F, og G er i gang i kjeller i oppgang F.N\u00f8kler til str\u00f8mm\u00e5lerskap f\u00e5s hos en ordin\u00e6r l\u00e5sesmed. Det er en OLH-n\u00f8kkel.<\/li>\n<\/ul>\n<h3 id=\"F\"><span style=\"text-decoration: underline;\"><strong>F<\/strong><\/span><\/h3>\n<p><strong>Facebook<br \/>\n<\/strong><br \/>\nBorettslaget har en egen gruppe p\u00e5 Facebook: <a href=\"https:\/\/www.facebook.com\/groups\/307112826873919\">Kampen Terrasse Borettslag.<\/a><br \/>\nStyret oppfordrer alle beboere til \u00e5 melde seg inn i gruppa, da mye informasjon til og mellom beboere postes der.<\/p>\n<p><strong><span style=\"text-decoration: underline;\">F<\/span>ellesboder<\/strong><\/p>\n<p style=\"font-weight: 400;\">Det er tillatt \u00e5 <span style=\"text-decoration: underline;\">midlertidig<\/span> lagre private eiendeler i fellesboder p\u00e5 loftet i oppgang A\/B og F\/G.<\/p>\n<p style=\"font-weight: 400;\">Gjenstandene skal v\u00e6re merket med navn, telefon og dato for n\u00e5r det fjernes. Denne oppbevaring er <span style=\"text-decoration: underline;\">kun<\/span> ment for midlertidig oppbevaring av innbo i forbindelse med f. eks. oppussing eller salg av leilighet. Gjenstander som ikke er merket kastes uten varsel p\u00e5 dugnad.<\/p>\n<p><strong><span style=\"text-decoration: underline;\">F<\/span>orretningsf\u00f8rer<br \/>\n<\/strong><br \/>\nBorettslagets forretningsf\u00f8rer er OBOS Eiendomsforvaltning.<br \/>\nOBOS kundesenter: Tlf.:02333. \u00c5pent 08:00 \u2013 17:00 (man. &#8211; fred).<\/p>\n<p><strong><span style=\"text-decoration: underline;\">F<\/span>orsikring<\/strong><\/p>\n<p>Borettslagets forsikring dekker bygningene og fellesareal. Forsikring dekker ogs\u00e5 veggfast utstyr og bygningmessige tilleggsinnretninger. Oppst\u00e5r det skade i leiligheten skal andelseier pr\u00f8ve \u00e5 begrense skadeomfanget mest mulig og pr\u00f8ve \u00e5 kartlegge \u00e5rsaken stil skade. Skaden meldes til styret og forsikringsavdelingen i:<\/p>\n<p>Protector Forsikring ASA | St\u00f8perigata 2 | Pb 1351, Vika | 0113 | OSLO<br \/>\nTlf: +47 46 54 83 89<br \/>\n<a href=\"mailto:skade@protectorforsikring.no\" target=\"_blank\" rel=\"noopener\">skade@protectorforsikring.no<\/a> | <a href=\"https:\/\/www.protectorforsikring.no\" target=\"_blank\" rel=\"noopener\">www.protectorforsikring.no<\/a><\/p>\n<p>I enkelte saker er det styret som melder saken p\u00e5 vegne av beboer. Derfor skal dere kontakte styret f\u00f8r dere melder saker til forsikringsselskapet.<\/p>\n<h3 id=\"G\"><span style=\"text-decoration: underline;\">G<\/span><\/h3>\n<p><strong><span style=\"text-decoration: underline;\">Gass<\/span><\/strong><\/p>\n<p><strong>Trygg oppbevaring og bruk av gass i Kampen terrasse borettslag<\/strong><\/p>\n<p>Vi minner om viktige regler for trygg\u00a0<strong>oppbevaring og bruk av gass. <\/strong>Dette m\u00e5 gj\u00f8res\u00a0i tr\u00e5d med sikkerhetsreglene fra <strong>Direktoratet for samfunnssikkerhet og beredskap (DSB)<\/strong>.<\/p>\n<p><strong>\ud83d\udd25<\/strong><strong>\u00a0Viktige gassvettregler:<\/strong><\/p>\n<ul>\n<li>Maks <strong>to gassflasker<\/strong>\u00a0(inntil 11 kg per flaske) per boenhet.<\/li>\n<li><strong>Aldri lagre gass innend\u00f8rs<\/strong>, i kjeller, loft, bod eller rom under bakkeniv\u00e5.<\/li>\n<li>Gass <strong>skal ikke oppbevares i fellesarealer<\/strong>, som trapperom, fellesboder (i loft og kjeller) eller i sykkel- og s\u00f8ppelskurene, i verkst\u00f8ysboden i bakg\u00e5rden eller i verkstedet.<\/li>\n<li>Flasker skal st\u00e5 <strong>ute<\/strong>, i oppreist stilling, p\u00e5 godt ventilert sted. Det er ditt ansvar \u00e5 s\u00f8rege for at flasken ikke kan velte ved vind og uv\u00e6r.<\/li>\n<li><strong>Sjekk slanger og koblinger jevnlig<\/strong>\u00a0\u2013 bruk s\u00e5pevann, ikke flammer.<\/li>\n<li>Ved grilling:\n<ul>\n<li>Ikke grill tett inntil fasade.<\/li>\n<li>Ha alltid tilsyn.<\/li>\n<li>S\u00f8rg for god lufting.<\/li>\n<\/ul>\n<\/li>\n<\/ul>\n<p><strong>\ud83d\udea8<\/strong><strong>\u00a0Ved gasslekkasje:<\/strong><\/p>\n<ul>\n<li>Steng flasken umiddelbart.<\/li>\n<li>Luft godt ut.<\/li>\n<li>Ikke bruk \u00e5pen ild eller elektrisk utstyr.<\/li>\n<li>Ring\u00a0<strong>110<\/strong>\u00a0ved fare.<\/li>\n<\/ul>\n<p><strong>Relevant link:\u00a0<\/strong><a href=\"https:\/\/www.dsb.no\/sikkerhverdag\/gass-og-brannfarlig-vaske\/gassvettreglene\/\"><strong>https:\/\/www.dsb.no\/sikkerhverdag\/gass-og-brannfarlig-vaske\/gassvettreglene\/<\/strong><\/a><\/p>\n<p><strong><span style=\"text-decoration: underline;\">G<\/span>eneralforsamling<br \/>\n<\/strong>Avholdes vanligvis i mai, men senest innen utgangen av juni. Generalforsamlingen finner sted p\u00e5 Kampen Bydelshus i 1. etg.<\/p>\n<p><strong><span style=\"text-decoration: underline;\">G<\/span>rilling<\/strong><\/p>\n<p>Det oppfordres til \u00e5 benytte den fastmonterte grillen i bakg\u00e5rden. Veldig fint om den rengj\u00f8res etter hver bruk (asken feies ned under grillristen (ned i sylinderen). Bruk av kullgrill p\u00e5 balkongene er ikke lov.<\/p>\n<h3 id=\"H\"><span style=\"text-decoration: underline;\"><strong>H<\/strong><\/span><\/h3>\n<p><strong><span style=\"text-decoration: underline;\">H<\/span>usdyr<\/strong><\/p>\n<p>\u00d8nsker man \u00e5 holde husdyr skal dette gis beskjed om til styret i forbindelse med innflytting. \u00d8nsker man \u00e5 anskaffe seg husdyr skal dette underrettes styret i forkant.<br \/>\nDet er flere beboere med katt og hund i borettslaget.<\/p>\n<h3 id=\"I\"><span style=\"text-decoration: underline;\"><strong>I<\/strong><\/span><\/h3>\n<p><strong><span style=\"text-decoration: underline;\">I<\/span>nternett<\/strong><\/p>\n<p>Alle beboere har internett-tilgang via fiber fra Lynet Internett. Abonnement med hastighet p\u00e5 100\/100 megabit er inkludert i fellesutgiftene, men det kan oppgraderes for egen regning. \u00d8nskes oppgradering av hastighet, tar beboer selv kontakt med Lynet (n\u00e5 GlobalConnect.)<\/p>\n<p>Beboere m\u00e5 selv bes\u00f8rge tr\u00e5dl\u00f8s ruter om de \u00f8nsker dette. Internett-tilgang gis via en nettverkskontakt i veggen. Modem e.l. er ikke n\u00f8dvendig.<\/p>\n<p>For \u00e5 sjekke om Internett for borettslaget fungerer som det skal, kan man <a href=\"https:\/\/internett.kampenterrasse.no\/status\/kampenterrasse\">klikke her.<\/a><\/p>\n<p>G\u00e5 til <a href=\"https:\/\/www.globalconnect.no\/\">Global Connect sine nettsider<\/a> for mer informasjon og konktaktinformasjon til kundeservice.<\/p>\n<h3 id=\"N\"><span style=\"text-decoration: underline;\"><strong>N<\/strong><\/span><\/h3>\n<p><strong><span style=\"text-decoration: underline;\">N<\/span>\u00f8kler<\/strong><\/p>\n<p>Trenger du hjelp med eller l\u00e5s til egen d\u00f8r, kan du ta kontakt med:<br \/>\nOslo L\u00e5s og N\u00f8kkelfix AS<br \/>\n<strong>Tlf: <\/strong>22 68 15 88<br \/>\n<strong>E-post: <\/strong>post@oslolaas.no<br \/>\n<strong>Hjemmeside: <\/strong><a href=\"https:\/\/oslolaas.no\/\">https:\/\/oslolaas.no\/<\/a><\/p>\n<p style=\"font-weight: 400;\">N\u00f8kler til inngangs- og oppgangsd\u00f8rene kan kj\u00f8pes for ca kr. 700,- og bestilles gjennom styret.<\/p>\n<p>Det kan ta inntil 3 uker fra du bestiller til du mottar ny n\u00f8kkel. N\u00f8kkelen betales kontant eller direkte inn p\u00e5 konto: 9820.17.54720, bruk KID 8850000029835 og merk betalingen med: \u201dn\u00f8kkel\u201d.<\/p>\n<ul>\n<li>Oppgang A og B: K2<\/li>\n<li>Oppgang C: K3<\/li>\n<li>Oppgang D: K4<\/li>\n<li>Oppgang E: K5<\/li>\n<li>Oppgang F og G: K6<\/li>\n<\/ul>\n<h3 id=\"P\"><span style=\"text-decoration: underline;\"><strong>P<\/strong><\/span><\/h3>\n<p><strong><span style=\"text-decoration: underline;\">P<\/span>usse opp<\/strong><\/p>\n<p>Hvis du \u00f8nsker \u00e5 pusse opp i leiligheten st\u00e5r du selvf\u00f8lgelig fritt til det.<br \/>\nSkal du sl\u00e5 ned eller flytte en vegg, m\u00e5 du kontakte og r\u00e5df\u00f8re deg med et menneske med byggfaglig kompetanse &#8211; dette kan v\u00e6re en arkitekt, byggmester, muremester eller en byggingeni\u00f8r(RIB).<br \/>\nDisse vil kunne gj\u00f8re en fagmessig vurdering av om veggene er lettvegger, b\u00e6rende eller st\u00f8tteb\u00e6rende til konstruksjonen til g\u00e5rden.<br \/>\nHvis veggen er b\u00e6rende, st\u00f8tteb\u00e6rende eller bryter med en branncelle m\u00e5 det s\u00f8kes Plan-, og bygningsetaten <strong>f\u00f8r<\/strong> endringer gj\u00f8res. S\u00f8knaden m\u00e5 sendes av ansvarlig s\u00f8ker (ikke fra deg selv.)<\/p>\n<p>Hvis du river en vegg i leiligheten skal du underrette styret pr. e-post og legge ved uttalelsen fra en byggmester.<\/p>\n<p><span style=\"text-decoration: underline;\"><strong>P<\/strong><\/span><strong>eis<\/strong><\/p>\n<p>H\u00f8sten 2015 ble pipene rehabilitert. I den forbindelse valgte vi \u00e5 stenge av noen av pipene. En konsekvens av dette er at andelseier m\u00e5 s\u00f8ke styret hvis han\/hun \u00f8nsker \u00e5\u00a0 installere eller flytte ildsted. S\u00f8knaden m\u00e5 godkjennes F\u00d8R arbeid p\u00e5begynnes. Send e-post til styret.<\/p>\n<p><strong><span style=\"text-decoration: underline;\">P<\/span>ostkasseskilt<\/strong><\/p>\n<p>Den enkelte beboer er pliktig \u00e5 bestille og bekoste skilt fra:<br \/>\nR. Bergersen Sikkerhet &amp; Design AS, avd. Trondheimsveien 47, 0560 Oslo.<br \/>\nSend en e-post til: <a href=\"mailto:ordre@designskilt.no\" target=\"_blank\" rel=\"noopener noreferrer\">ordre@designskilt.no<\/a> og oppgi navnet ditt slik du vil at det skal fremst\u00e5 p\u00e5 postkassen din. Si at de skal bruke malen til Kampen Terrasse borettslag.<\/p>\n<h3 id=\"R\"><span style=\"text-decoration: underline;\">R<\/span><\/h3>\n<p><strong><span style=\"text-decoration: underline;\">R<\/span>\u00f8rlegger<\/strong><\/p>\n<p>R\u00f8rleggersentralen AS<br \/>\n<strong>Tlf:<\/strong> 23 03 54 00<br \/>\n<strong>E-post: <\/strong><a href=\"mailto:post@rorleggersentralen.no\">post@rorleggersentralen.no<\/a><strong><br \/>\nHjemmeside: <\/strong><a href=\"https:\/\/www.r\u00f8rlegger-sentralen.no\/\">https:\/\/www.r\u00f8rlegger-sentralen.no\/<\/a><\/p>\n<h3 id=\"S\"><span style=\"text-decoration: underline;\"><strong>S<\/strong><\/span><\/h3>\n<p><strong><span style=\"text-decoration: underline;\">S<\/span>ammensl\u00e5ing av leiligheter<br \/>\n<\/strong><br \/>\nKj\u00f8per en andelseier en ekstra andel og \u00f8nsker \u00e5 sl\u00e5 sammen disse til en leilighet, skal dette s\u00f8kes om til styret. Sammensl\u00e5ing av leiligheter skal ikke p\u00e5virke fellesutgiftene for \u00f8vrige andeler. Kostnadene ved sammensl\u00e5ing dekkes av andelseier.<\/p>\n<p><strong><span style=\"text-decoration: underline;\">S<\/span>kilt til ringeklokken<\/strong><\/p>\n<p>Skilt til ringeklokkene med riktig navn bestilles via <a href=\"https:\/\/www.kampenterrasse.no\/index.php\/kontakt\/\">Alf-Terje i styret.<\/a><\/p>\n<p><strong>Stoppekran (i leiligheten)<\/strong><\/p>\n<p>Alle leiligheter har en egen stoppekran for vanntilf\u00f8rsel. Denne befinner seg bak en luke i himlingen i taket\u00a0 p\u00e5 badet ditt.<\/p>\n<p><strong>Str\u00f8mm\u00e5lerskap<\/strong><\/p>\n<p>N\u00f8kler til str\u00f8mm\u00e5lerskap f\u00e5s hos en ordin\u00e6r l\u00e5sesmed. Det er en OLH-n\u00f8kkel. Det henger en n\u00f8kkel p\u00e5 hvert skap. Denne skal henges p\u00e5 plass hver gang. Til str\u00f8mm\u00e5lerskapet i kjellere i oppgang A\/B henger n\u00f8kkelen inne p\u00e5 fellesvaskeriet over vasken. Denne n\u00f8kkelen skal ALLTID henges tilbake ved utl\u00e5n.<\/p>\n<div id=\"Skrot\"><strong><span style=\"text-decoration: underline;\">S<\/span>\u00f8ppel og skrot<\/strong><\/div>\n<p>Restavfall, gr\u00f8nne og lilla poser kastes i borettslagets sm\u00e5 s\u00f8ppelkasser. Papp og papir kastes i de store s\u00f8ppelkassene.<br \/>\nHageavfall og alt annet kan leveres p\u00e5 Kampen n\u00e6rmilj\u00f8stasjon.<\/p>\n<p>\u00c5pningstidene p\u00e5 n\u00e6rmilj\u00f8stasjonen er:<\/p>\n<p>\u00b7\u00a0 Mandag: 08:00 &#8211; 15:00<br \/>\n\u00b7\u00a0 Tirsdag: 08:00 &#8211; 15:00<br \/>\n\u00b7\u00a0 Onsdag: 08:00 &#8211; 15:00<br \/>\n\u00b7\u00a0 Torsdag: 08:00 &#8211; 19:00<br \/>\n\u00b7\u00a0 Fredag: 08:00 &#8211; 15:00<br \/>\n\u00b7\u00a0 L\u00f8rdag: Stengt<br \/>\n\u00b7\u00a0 S\u00f8ndag: Stengt<\/p>\n<p>Noe variasjon i\u00a0 \u00e5pningstidene kan forekomme, s\u00e5 sjekk gjerne <a href=\"https:\/\/www.oslo.kommune.no\/avfall-og-gjenvinning\/gjenbruksstasjoner\/kampen-minigjenbruksstasjon\/\" target=\"_blank\" rel=\"noopener noreferrer\">hjemmesiden i forkant av et bes\u00f8k<\/a><\/p>\n<p>Det er IKKE tillatt \u00e5 lagre eiendeler i fellesarealer p\u00e5 loft eller kjeller. Det m\u00e5 til enhver tid v\u00e6re god fremkommelighet foran alle d\u00f8rer\/utganger. Det er heller ikke tillatt \u00e5 plassere ting ved siden av s\u00f8ppelkassene i s\u00f8ppelskuret.<\/p>\n<p><strong><span style=\"text-decoration: underline;\">S<\/span>tyret<\/strong><\/p>\n<p>Styret har en styreleder, fire styremedlemmer og to varamedlemmer. Styreleder velges for ett \u00e5r, mens de resterende velges for to \u00e5r. Det velges to styremedlemmer, og ett varamedlem hvert \u00e5r.<\/p>\n<p>Skulle det v\u00e6re noe du er misforn\u00f8yd med eller du har forslag til forbedringer, kan du sende en e-post til styret ved styreleder. E-postadressen finnes<a href=\"https:\/\/www.kampenterrasse.no\/index.php\/kontakt\/\"> her p\u00e5 nettsidene<\/a>, og p\u00e5 oppslag i hver oppgang.<\/p>\n<h3 id=\"T\"><strong><span style=\"text-decoration: underline;\">T<\/span><\/strong><\/h3>\n<p><strong><span style=\"text-decoration: underline;\">T<\/span>rappevask<br \/>\n<\/strong><br \/>\nGeneralforsamlingen 2004 har vedtatt \u00e5 kj\u00f8pe trappevask. Trappevask skal skje ukentlig. Mer omfattende vask av rekkverk og vinduer skjer halv\u00e5rlig og vegger vaskes \u00e5rlig.<\/p>\n<p><strong><span style=\"text-decoration: underline;\">T<\/span>\u00f8rking av t\u00f8y<\/strong><\/p>\n<p>P\u00e5 hvert loft er det felles t\u00f8rkerom for t\u00f8rking av kl\u00e6r for beboerne. Kl\u00e6rne skal tas ned med en gang de er t\u00f8rre. I sommerm\u00e5nedene er det ogs\u00e5 mulig \u00e5 t\u00f8rke kl\u00e6r ute i bakg\u00e5rden p\u00e5 klesstativet som er montert utenfor oppgang C.<\/p>\n<h3 id=\"U\"><span style=\"text-decoration: underline;\"><strong>U<\/strong><\/span><\/h3>\n<p><strong><span style=\"text-decoration: underline;\">U<\/span>tleie av egen leilighet<\/strong><\/p>\n<p>\u00d8nsker du \u00e5 leie ut din andel fordi du selv ikke kan bo der, m\u00e5 du s\u00f8ke styret om dette.\u00a0 Dette gj\u00f8r du ved \u00e5 skrive en e-post til styret. Styret kan innvilge dette for inntil 3 \u00e5r. Etter 3 \u00e5r m\u00e5 du flytte tilbake eller selge leiligheten.<br \/>\nKortvarig utl\u00e5n eller korttidsutleie via f.eks. Airbnb reguleres gjennom borettslagsloven.<\/p>\n<p><strong>Hovedregelen er klar og ufravikelig: Som andelseier som selv bruker boligen, kan du korttidsutleie hele boligen i opptil 30 d\u00f8gn per \u00e5r \u2013 uten styresamtykke. Periodene kan deles fritt (helger, ferier osv.), men totalen m\u00e5 v\u00e6re maks 30 d\u00f8gn. Dette f\u00f8lger direkte av burettslagslova \u00a7 5\u20114 sammenholdt med \u00a7 5\u20113.\u00a0<a href=\"https:\/\/lovdata.no\/lov\/2003-06-06-39\" target=\"_blank\" rel=\"noopener\">Lovdata \u2013 burettslagslova<\/a>.<\/strong><\/p>\n<h3 id=\"V\"><span style=\"text-decoration: underline;\"><strong>V<\/strong><\/span><\/h3>\n<p><strong><span style=\"text-decoration: underline;\">V<\/span>aktmester<br \/>\n<\/strong><br \/>\nBorettslaget kj\u00f8per vaktmestertjenester gjennom firmaet Gamle Oslo Servicesentral. Hjemmesiden til firmaet er: <a href=\"http:\/\/www.gos.no\">www.gos.no.<\/a><br \/>\n\u00d8nsker man \u00e5 komme i kontakt med vaktmester finnes kontaktinformasjon p\u00e5 oppslag i oppgangene, men man kan ogs\u00e5 kontakte styreleder som videreformidler beskjed.<\/p>\n<p><strong><span style=\"text-decoration: underline;\">V<\/span>askeri<\/strong><br \/>\nBorettslaget har et fellesvaskeri med to vaskemaskiner og en t\u00f8rketrommel i kjeller med inngang fra g\u00e5rdsrom og oppgangene A og B. Det skal v\u00e6re ryddig, fremkommelig og rent etter hver bruk. T\u00f8rk av s\u00e5perester p\u00e5 maskinene og sjekk at det ikke ligger igjen s\u00e5perester til nestemann i s\u00e5pekamrene p\u00e5 maskinene. I tillegg m\u00e5 t\u00f8rketrommelen renses for lo etter hver bruk (nederste panel \u00e5pnes). L\u00e5ner du en vaskebalje skal du sette den tilbake etter bruk. Hver vask koster 10kr og t\u00f8rketrommel koster 1kr for fire minutter.<br \/>\nDet henges opp vaskelister for innev\u00e6rende m\u00e5ned samt p\u00e5f\u00f8lgende m\u00e5ned utenfor vaskeriet. P\u00e5 denne setter man seg opp for vasketider.<\/p>\n<p>Det er IKKE tillatt \u00e5 ha to reservasjoner etter hverandre. Ved problemer med maskinene, ta kontakt med styret p\u00e5 e-post.<\/p>\n<p><strong><span style=\"text-decoration: underline;\">V<\/span>entilasjon<\/strong><\/p>\n<p>Vi har naturlig ventilasjon i borettslaget. Det betyr at hvis dette skal fungere optimalt m\u00e5 ventilene som originalt er satt inn st\u00e5 \u00e5pne. Det er ikke lov til \u00e5 montere elektrisk eller mekanisk vifte p\u00e5 kj\u00f8kkenet.<br \/>\nAlle enheter har 2-4 ventiler i leiligheten, vanligvis er disse i gangen, p\u00e5 kj\u00f8kkenet og\/eller p\u00e5 stue.<\/p>\n<p><strong><span style=\"text-decoration: underline;\">V<\/span>erksted<\/strong><\/p>\n<p>I foajeen ved inngangen fra Nittedalsgata finnes det et verksted som alle beboere kan bruke. Det finnes arbeidsbenker, men verkt\u00f8y m\u00e5 man bes\u00f8rge selv. I verkstedet kan du gj\u00f8re arbeider som ikke st\u00f8yer for mye. Det er lytt opp til naboene over, s\u00e5 vis hensyn og ikke bruk rommet utover \u00e5pningstidene.<br \/>\nMer informasjon og retningslinjer for bruk av verkstedet finnes her p\u00e5 nettsidene: <a href=\"https:\/\/www.kampenterrasse.no\/index.php\/verkstedet\/\">Verkstedet<\/a><\/p>\n<p><strong><span style=\"text-decoration: underline;\">V<\/span>ibbo<\/strong><\/p>\n<p>Borettslaget bruker Vibbo som digital beboerportal. Plattformen fungerer som en digital oppslagstavle der styret deler viktig informasjon, nyheter og dokumenter, mens beboere kan sende henvendelser, lese oppslag og f\u00e5 tilgang til informasjon om boligen<\/p>\n<p><a href=\"https:\/\/vibbo.no\/kampen-terrasse\">https:\/\/vibbo.no\/kampen-terrasse<\/a><\/p>\n<p>&nbsp;<\/p>\n","protected":false},"excerpt":{"rendered":"<p>Hopp til tema som starter med bokstav: A B E F G H I N P R S T U V A Avfall Restavfall, lilla og gr\u00f8nne poser kastes i borettslagets s\u00f8ppelkasser. Se S\u00f8ppel og skrot for mer informasjon. B Bakg\u00e5rd I bakg\u00e5rden finner du flere sittegrupper. Det er ogs\u00e5 montert en grill som beboere [&hellip;]<\/p>\n","protected":false},"author":1,"featured_media":0,"parent":0,"menu_order":2,"comment_status":"closed","ping_status":"closed","template":"","meta":{"footnotes":""},"class_list":["post-35","page","type-page","status-publish","hentry","post-preview"],"_links":{"self":[{"href":"https:\/\/www.kampenterrasse.no\/index.php\/wp-json\/wp\/v2\/pages\/35","targetHints":{"allow":["GET"]}}],"collection":[{"href":"https:\/\/www.kampenterrasse.no\/index.php\/wp-json\/wp\/v2\/pages"}],"about":[{"href":"https:\/\/www.kampenterrasse.no\/index.php\/wp-json\/wp\/v2\/types\/page"}],"author":[{"embeddable":true,"href":"https:\/\/www.kampenterrasse.no\/index.php\/wp-json\/wp\/v2\/users\/1"}],"replies":[{"embeddable":true,"href":"https:\/\/www.kampenterrasse.no\/index.php\/wp-json\/wp\/v2\/comments?post=35"}],"version-history":[{"count":67,"href":"https:\/\/www.kampenterrasse.no\/index.php\/wp-json\/wp\/v2\/pages\/35\/revisions"}],"predecessor-version":[{"id":806,"href":"https:\/\/www.kampenterrasse.no\/index.php\/wp-json\/wp\/v2\/pages\/35\/revisions\/806"}],"wp:attachment":[{"href":"https:\/\/www.kampenterrasse.no\/index.php\/wp-json\/wp\/v2\/media?parent=35"}],"curies":[{"name":"wp","href":"https:\/\/api.w.org\/{rel}","templated":true}]}}