{"id":58,"date":"2016-03-28T21:10:52","date_gmt":"2016-03-28T20:10:52","guid":{"rendered":"http:\/\/37.191.167.140\/wordpress\/?page_id=58"},"modified":"2026-03-24T15:32:37","modified_gmt":"2026-03-24T14:32:37","slug":"forside-2","status":"publish","type":"page","link":"https:\/\/www.kampenterrasse.no\/","title":{"rendered":"Forside"},"content":{"rendered":"\n<p>Velkommen til Kampen Terrasse Borettslags hjemmesider!<\/p>\n\n\n\n<figure class=\"wp-block-image alignnone\"><a href=\"https:\/\/www.kampenterrasse.no\/wp-content\/uploads\/2016\/04\/Taket_hemingway.png\"><img loading=\"lazy\" decoding=\"async\" width=\"1024\" height=\"333\" src=\"https:\/\/www.kampenterrasse.no\/wp-content\/uploads\/2016\/04\/Taket_hemingway-1024x333.png\" alt=\"\" class=\"wp-image-65\" srcset=\"https:\/\/www.kampenterrasse.no\/wp-content\/uploads\/2016\/04\/Taket_hemingway-1024x333.png 1024w, https:\/\/www.kampenterrasse.no\/wp-content\/uploads\/2016\/04\/Taket_hemingway-300x98.png 300w, https:\/\/www.kampenterrasse.no\/wp-content\/uploads\/2016\/04\/Taket_hemingway-768x250.png 768w, https:\/\/www.kampenterrasse.no\/wp-content\/uploads\/2016\/04\/Taket_hemingway-676x220.png 676w, https:\/\/www.kampenterrasse.no\/wp-content\/uploads\/2016\/04\/Taket_hemingway.png 1280w\" sizes=\"auto, (max-width: 1024px) 100vw, 1024px\" \/><\/a><figcaption class=\"wp-element-caption\">Oslo fra taket v\u00e5rt<\/figcaption><\/figure>\n\n\n\n<p>P\u00e5 disse nettsidene finner du forh\u00e5pentligvis alt du \u00f8nsker av <a href=\"https:\/\/www.kampenterrasse.no\/index.php\/om\/\">informasjon om borettslaget og dets historie<\/a>, reservasjonsmulighet for <a href=\"https:\/\/www.kampenterrasse.no\/index.php\/gjesterommet\/\">gjesteleiligheten Melkebutikken<\/a>, praktisk <a href=\"https:\/\/www.kampenterrasse.no\/index.php\/hva-med\/\">info man kan lure p\u00e5<\/a> som beboer og\u00a0 selvf\u00f8lgelig noen\u00a0 <a href=\"https:\/\/www.kampenterrasse.no\/index.php\/galleri\/\">bilder av borettslaget<\/a>, fotografert av beboerne.<\/p>\n\n\n\n<p>Opplever du problemer med internett i din leilighet kan du sjekke om internett er oppe for borettslaget her:<a href=\"https:\/\/internett.kampenterrasse.no\/status\/kampenterrasse\"> Internett Status<\/a><\/p>\n\n\n\n<p>Er det enda noe du lurer p\u00e5, kan du sende en e-post til <a href=\"mailto:kampenterrasse@styrerommet.no\">kampenterrasse@styrerommet.no<\/a><\/p>\n","protected":false},"excerpt":{"rendered":"<p>Velkommen til Kampen Terrasse Borettslags hjemmesider! P\u00e5 disse nettsidene finner du forh\u00e5pentligvis alt du \u00f8nsker av informasjon om borettslaget og dets historie, reservasjonsmulighet for gjesteleiligheten Melkebutikken, praktisk info man kan lure p\u00e5 som beboer og\u00a0 selvf\u00f8lgelig noen\u00a0 bilder av borettslaget, fotografert av beboerne. Opplever du problemer med internett i din leilighet kan du sjekke om [&hellip;]<\/p>\n","protected":false},"author":1,"featured_media":0,"parent":0,"menu_order":0,"comment_status":"closed","ping_status":"closed","template":"","meta":{"footnotes":""},"class_list":["post-58","page","type-page","status-publish","hentry","post-preview"],"_links":{"self":[{"href":"https:\/\/www.kampenterrasse.no\/index.php\/wp-json\/wp\/v2\/pages\/58","targetHints":{"allow":["GET"]}}],"collection":[{"href":"https:\/\/www.kampenterrasse.no\/index.php\/wp-json\/wp\/v2\/pages"}],"about":[{"href":"https:\/\/www.kampenterrasse.no\/index.php\/wp-json\/wp\/v2\/types\/page"}],"author":[{"embeddable":true,"href":"https:\/\/www.kampenterrasse.no\/index.php\/wp-json\/wp\/v2\/users\/1"}],"replies":[{"embeddable":true,"href":"https:\/\/www.kampenterrasse.no\/index.php\/wp-json\/wp\/v2\/comments?post=58"}],"version-history":[{"count":33,"href":"https:\/\/www.kampenterrasse.no\/index.php\/wp-json\/wp\/v2\/pages\/58\/revisions"}],"predecessor-version":[{"id":795,"href":"https:\/\/www.kampenterrasse.no\/index.php\/wp-json\/wp\/v2\/pages\/58\/revisions\/795"}],"wp:attachment":[{"href":"https:\/\/www.kampenterrasse.no\/index.php\/wp-json\/wp\/v2\/media?parent=58"}],"curies":[{"name":"wp","href":"https:\/\/api.w.org\/{rel}","templated":true}]}}